{"id":725,"date":"2025-12-16T08:06:24","date_gmt":"2025-12-16T08:06:24","guid":{"rendered":"https:\/\/profdrfehmidoner.com\/?page_id=725"},"modified":"2026-01-27T13:08:31","modified_gmt":"2026-01-27T13:08:31","slug":"lebenslauf","status":"publish","type":"page","link":"https:\/\/profdrfehmidoner.com\/de\/ueber-mich\/lebenslauf\/","title":{"rendered":"Lebenslauf"},"content":{"rendered":"\n\t<section class=\"section\" id=\"section_520338553\">\n\t\t<div class=\"section-bg fill\" >\n\t\t\t\t\t\t\t\t\t\n\t\t\t\n\n\t\t<\/div>\n\n\t\t\n\n\t\t<div class=\"section-content relative\">\n\t\t\t\n  <div id=\"page-header-1377472438\" class=\"page-header-wrapper\">\n  <div class=\"page-title dark simple-title\">\n\n    \n    <div class=\"page-title-inner container align-center text-center flex-row-col medium-flex-wrap\" >\n              <div class=\"title-wrapper is-larger flex-col\">\n          <h1 class=\"entry-title mb-0\">\n            Lebenslauf          <\/h1>\n        <\/div>\n                    <div class=\"title-content flex-col\">\n        <div class=\"title-breadcrumbs pb-half pt-half\"><\/div>      <\/div>\n    <\/div>\n\n       <\/div>\n    <\/div>\n  \n\t\t<\/div>\n\n\t\t\n<style>\n#section_520338553 {\n  padding-top: 20px;\n  padding-bottom: 20px;\n  background-color: #2d304e;\n}\n<\/style>\n\t<\/section>\n\t\n\n\t<section class=\"section\" id=\"section_611609168\">\n\t\t<div class=\"section-bg fill\" >\n\t\t\t\t\t\t\t\t\t\n\t\t\t\n\n\t\t<\/div>\n\n\t\t\n\n\t\t<div class=\"section-content relative\">\n\t\t\t\n<div class=\"row\"  id=\"row-943952975\">\n\n\t<div id=\"col-735292453\" class=\"col medium-6 small-12 large-6\"  >\n\t\t\t\t<div class=\"col-inner\"  >\n\t\t\t\n\t\t\t\n\t<div class=\"img has-hover x md-x lg-x y md-y lg-y\" id=\"image_138513183\">\n\t\t\t\t\t\t\t\t<div class=\"img-inner dark\" >\n\t\t\t<img loading=\"lazy\" decoding=\"async\" width=\"1020\" height=\"765\" src=\"https:\/\/profdrfehmidoner.com\/wp-content\/uploads\/2025\/12\/IMG-20240609-WA0012-1067x800.jpg\" class=\"attachment-large size-large\" alt=\": \u0130stanbul Burun Esteti\u011fi Doktoru\" srcset=\"https:\/\/profdrfehmidoner.com\/wp-content\/uploads\/2025\/12\/IMG-20240609-WA0012-1067x800.jpg 1067w, https:\/\/profdrfehmidoner.com\/wp-content\/uploads\/2025\/12\/IMG-20240609-WA0012-533x400.jpg 533w, https:\/\/profdrfehmidoner.com\/wp-content\/uploads\/2025\/12\/IMG-20240609-WA0012-768x576.jpg 768w, https:\/\/profdrfehmidoner.com\/wp-content\/uploads\/2025\/12\/IMG-20240609-WA0012.jpg 1400w\" sizes=\"auto, (max-width: 1020px) 100vw, 1020px\" \/>\t\t\t\t\t\t\n\t\t\t\t\t<\/div>\n\t\t\t\t\t\t\t\t\n<style>\n#image_138513183 {\n  width: 100%;\n}\n<\/style>\n\t<\/div>\n\t\n\t\t<\/div>\n\t\t\t\t\n<style>\n#col-735292453 > .col-inner {\n  margin: 0px 0px -30px 0px;\n}\n<\/style>\n\t<\/div>\n\n\t\n\n\t<div id=\"col-182604600\" class=\"col medium-6 small-12 large-6\"  >\n\t\t\t\t<div class=\"col-inner\"  >\n\t\t\t\n\t\t\t\n\t<div id=\"text-1286181730\" class=\"text\">\n\t\t\n<h2><strong><span style=\"font-size: 120%;\">Prof. Dr. Fehmi D\u00f6ner<\/span><\/strong><br \/><strong><span style=\"font-size: 70%;\">ENT and Head \u2013 Neck Surgery Specialist<\/span><\/strong><\/h2>\n\t\t\n<style>\n#text-1286181730 {\n  font-size: 1.335rem;\n  color: #2d304e;\n}\n#text-1286181730 > * {\n  color: #2d304e;\n}\n@media (min-width:550px) {\n  #text-1286181730 {\n    font-size: 1.05rem;\n  }\n}\n<\/style>\n\t<\/div>\n\t\n<p>I completed my medical education at Istanbul University Cerrahpa\u015fa Faculty of Medicine in 1988. I received my specialization training at Atat\u00fcrk University Faculty of Medicine, Department of Otorhinolaryngology. During my specialization training, in order to increase my knowledge and experience, I spent different periods of time at Istanbul University Istanbul Faculty of Medicine, Department of Otorhinolaryngology, and participated in clinical studies.<\/p>\n<p>After receiving my specialization in 1994, I worked for eight months at K\u00fctahya State Hospital, and then in December 1994, I was appointed as an assistant professor at S\u00fcleyman Demirel University, Department of Otorhinolaryngology. I conducted studies on head and neck cancers for six months at Istanbul Faculty of Medicine, Department of Otorhinolaryngology.<\/p>\n\t\t<\/div>\n\t\t\t\t\n<style>\n#col-182604600 > .col-inner {\n  margin: 0px 0px -30px 0px;\n}\n<\/style>\n\t<\/div>\n\n\t\n\n\t<div id=\"col-900845376\" class=\"col small-12 large-12\"  >\n\t\t\t\t<div class=\"col-inner\"  >\n\t\t\t\n\t\t\t\n<p>In 1997, I received the title of associate professor. In 1998, I worked as an observer and researcher in ear surgery under the supervision of Prof. Dr. P. Van den Broek at the Katholieke Universiteit Nijmegen, Faculty of Medical Sciences, Department of Otorhinolaryngology, in the Netherlands. In 2003, I received the title of professor at S\u00fcleyman Demirel University, Department of Otorhinolaryngology.<\/p>\n<p>In 2005, I was appointed as the founding chief of the Department of Otorhinolaryngology at the Ministry of Health Bursa Y\u00fcksek \u0130htisas Training and Research Hospital. I served as the clinical chief in the same clinic until 2011. During the period in which I served as a faculty member and clinical chief at the university, in addition to providing health services to my patients, I took part in the education and training of many residents and students. Later, between 2011 and 2022, I worked first in Bursa and then at Bah\u00e7elievler Medicalpark Hospital, Ethica \u0130ncirli, and \u015ei\u015fli Kolan International Hospital.<\/p>\n<p>Since April 2022, I have been seeing my patients in my private practice at Te\u015fvikiye Neighborhood, Hakk\u0131 Yeten Street No. 13, Terrace Fulya Center 2, Floor 11, Apt. 65-66, Fulya, \u015e\u0130\u015eL\u0130, ISTANBUL, and performing my surgeries at private hospitals.<\/p>\n<p>My professional areas of interest include: regarding the nose\u2014rhinoplasty and endoscopic sinus surgery; regarding the ear\u2014tympanoplasty and facial nerve surgery; regarding head and neck surgery\u2014tumor surgery of the head and neck region, flaps, and partial laryngectomy.<\/p>\n<p>The professional associations I am a member of are the Facial Plastic Surgery Association, the Turkish Society of ENT and Head and Neck Surgery, the Turkish Rhinology Society, the Otolaryngic Allergy Association, and the Istanbul Medical Chamber. As non-medical interests, I am interested in Sociology, Recent History, and World Geography. In the field of music, I took ney performance lessons and I am interested in Turkish classical music.<\/p>\n<h2>Memberships in Scientific Organizations<\/h2>\n<ul>\n<li>Facial Plastic Surgery Association<\/li>\n<li>Turkish Society of ENT and Head and Neck Surgery<\/li>\n<li>Turkish Rhinology Society<\/li>\n<li>Otolaryngic Allergy Association<\/li>\n<li>Istanbul Medical Chamber<\/li>\n<\/ul>\n\t\t<\/div>\n\t\t\t\t\n<style>\n#col-900845376 > .col-inner {\n  margin: 0px 0px -30px 0px;\n}\n<\/style>\n\t<\/div>\n\n\t\n<\/div>\n\t\t<\/div>\n\n\t\t\n<style>\n#section_611609168 {\n  padding-top: 30px;\n  padding-bottom: 30px;\n}\n<\/style>\n\t<\/section>\n\t\n","protected":false},"excerpt":{"rendered":"","protected":false},"author":1,"featured_media":0,"parent":717,"menu_order":0,"comment_status":"closed","ping_status":"closed","template":"page-blank.php","meta":{"footnotes":""},"class_list":["post-725","page","type-page","status-publish","hentry"],"_links":{"self":[{"href":"https:\/\/profdrfehmidoner.com\/de\/wp-json\/wp\/v2\/pages\/725","targetHints":{"allow":["GET"]}}],"collection":[{"href":"https:\/\/profdrfehmidoner.com\/de\/wp-json\/wp\/v2\/pages"}],"about":[{"href":"https:\/\/profdrfehmidoner.com\/de\/wp-json\/wp\/v2\/types\/page"}],"author":[{"embeddable":true,"href":"https:\/\/profdrfehmidoner.com\/de\/wp-json\/wp\/v2\/users\/1"}],"replies":[{"embeddable":true,"href":"https:\/\/profdrfehmidoner.com\/de\/wp-json\/wp\/v2\/comments?post=725"}],"version-history":[{"count":2,"href":"https:\/\/profdrfehmidoner.com\/de\/wp-json\/wp\/v2\/pages\/725\/revisions"}],"predecessor-version":[{"id":727,"href":"https:\/\/profdrfehmidoner.com\/de\/wp-json\/wp\/v2\/pages\/725\/revisions\/727"}],"up":[{"embeddable":true,"href":"https:\/\/profdrfehmidoner.com\/de\/wp-json\/wp\/v2\/pages\/717"}],"wp:attachment":[{"href":"https:\/\/profdrfehmidoner.com\/de\/wp-json\/wp\/v2\/media?parent=725"}],"curies":[{"name":"wp","href":"https:\/\/api.w.org\/{rel}","templated":true}]}}